{"id":41,"date":"2022-09-29T07:48:15","date_gmt":"2022-09-29T07:48:15","guid":{"rendered":"http:\/\/www.pvcburada.com\/?page_id=41"},"modified":"2023-01-23T08:07:19","modified_gmt":"2023-01-23T08:07:19","slug":"hakkimizda","status":"publish","type":"page","link":"http:\/\/www.pvcburada.com\/?page_id=41","title":{"rendered":"HAKKIMIZDA"},"content":{"rendered":"\n<h2>PVCBURADA<\/h2>\n\n\n\n<p>Firmam\u0131z<strong> Marmara B\u00f6lgesinde<\/strong> 2012 y\u0131l\u0131ndan bu yana pvc kenar band\u0131, tutkal\u0131 pvc kenar band\u0131, \u00f6zel \u00f6l\u00e7\u00fc kenar bantlar\u0131, pvc tutkallar\u0131 ve bunlar\u0131n yan\u0131 s\u0131ra pvc makina bak\u0131m \/ onar\u0131m konusunda m\u00fc\u015fterilerine kaliteli hizmet sunmaktad\u0131r.<\/p>\n\n\n\n<p><strong>Ermsan<\/strong> mobilyan\u0131n hedefi <strong>T\u00fcrkiye<\/strong>&#8216;deki pazar\u0131n\u0131 geli\u015ftirmek ve yurtd\u0131\u015f\u0131nda kendine yeni pazarlar bularak daha fazla m\u00fc\u015fteriye \u00fcr\u00fcnlerini ula\u015ft\u0131rmakt\u0131r.<\/p>\n\n\n\n<p><\/p>\n\n\n\n<p><strong>M\u0130SYONUMUZ<\/strong><\/p>\n\n\n\n<p>Kurumsalla\u015fmay\u0131 s\u00fcrekli k\u0131lmak, rekabette mutlak ba\u015far\u0131 sa\u011flamak. Yenilikleri takip ederek de\u011fi\u015fime a\u00e7\u0131k olmak. En \u00f6nemlisi ise m\u00fc\u015fteri odakl\u0131 olmak.<\/p>\n\n\n\n<p><\/p>\n\n\n\n<p><strong>V\u0130ZYONUMUZ<\/strong><\/p>\n\n\n\n<p>M\u00fc\u015fterilerimizin arzu ve isteklerini an\u0131nda yerine getirerek \u00e7\u00f6z\u00fcm odakl\u0131 olmaya \u00e7al\u0131\u015fmak. \u00dcr\u00fcn\u00fcn bulunabilirli\u011fini en \u00fcst seviyeye \u00e7\u0131kartmak.<\/p>\n","protected":false},"excerpt":{"rendered":"<p>PVCBURADA Firmam\u0131z Marmara B\u00f6lgesinde 2012 y\u0131l\u0131ndan bu yana pvc kenar band\u0131, tutkal\u0131 pvc kenar band\u0131, \u00f6zel \u00f6l\u00e7\u00fc kenar bantlar\u0131, pvc tutkallar\u0131 ve bunlar\u0131n yan\u0131 s\u0131ra pvc makina bak\u0131m \/ onar\u0131m konusunda m\u00fc\u015fterilerine kaliteli hizmet sunmaktad\u0131r. Ermsan mobilyan\u0131n hedefi T\u00fcrkiye&#8216;deki pazar\u0131n\u0131 geli\u015ftirmek ve yurtd\u0131\u015f\u0131nda kendine yeni pazarlar bularak daha fazla m\u00fc\u015fteriye \u00fcr\u00fcnlerini ula\u015ft\u0131rmakt\u0131r. M\u0130SYONUMUZ Kurumsalla\u015fmay\u0131 s\u00fcrekli [&hellip;]<\/p>\n","protected":false},"author":1,"featured_media":0,"parent":0,"menu_order":0,"comment_status":"closed","ping_status":"closed","template":"","meta":[],"_links":{"self":[{"href":"http:\/\/www.pvcburada.com\/index.php?rest_route=\/wp\/v2\/pages\/41"}],"collection":[{"href":"http:\/\/www.pvcburada.com\/index.php?rest_route=\/wp\/v2\/pages"}],"about":[{"href":"http:\/\/www.pvcburada.com\/index.php?rest_route=\/wp\/v2\/types\/page"}],"author":[{"embeddable":true,"href":"http:\/\/www.pvcburada.com\/index.php?rest_route=\/wp\/v2\/users\/1"}],"replies":[{"embeddable":true,"href":"http:\/\/www.pvcburada.com\/index.php?rest_route=%2Fwp%2Fv2%2Fcomments&post=41"}],"version-history":[{"count":6,"href":"http:\/\/www.pvcburada.com\/index.php?rest_route=\/wp\/v2\/pages\/41\/revisions"}],"predecessor-version":[{"id":397,"href":"http:\/\/www.pvcburada.com\/index.php?rest_route=\/wp\/v2\/pages\/41\/revisions\/397"}],"wp:attachment":[{"href":"http:\/\/www.pvcburada.com\/index.php?rest_route=%2Fwp%2Fv2%2Fmedia&parent=41"}],"curies":[{"name":"wp","href":"https:\/\/api.w.org\/{rel}","templated":true}]}}