{"id":43,"date":"2022-09-29T07:48:31","date_gmt":"2022-09-29T07:48:31","guid":{"rendered":"http:\/\/www.pvcburada.com\/?page_id=43"},"modified":"2022-09-29T09:11:01","modified_gmt":"2022-09-29T09:11:01","slug":"iletisim","status":"publish","type":"page","link":"http:\/\/www.pvcburada.com\/?page_id=43","title":{"rendered":"\u0130LET\u0130\u015e\u0130M"},"content":{"rendered":"\n<figure class=\"wp-block-image size-large is-resized\"><img loading=\"lazy\" src=\"http:\/\/www.pvcburada.com\/wp-content\/uploads\/2022\/09\/PVCBURADA-WEB-SITESI-URUNLER-2-2-933x1024.png\" alt=\"\" class=\"wp-image-68\" width=\"1051\" height=\"1153\" srcset=\"http:\/\/www.pvcburada.com\/wp-content\/uploads\/2022\/09\/PVCBURADA-WEB-SITESI-URUNLER-2-2-933x1024.png 933w, http:\/\/www.pvcburada.com\/wp-content\/uploads\/2022\/09\/PVCBURADA-WEB-SITESI-URUNLER-2-2-273x300.png 273w, http:\/\/www.pvcburada.com\/wp-content\/uploads\/2022\/09\/PVCBURADA-WEB-SITESI-URUNLER-2-2-768x843.png 768w, http:\/\/www.pvcburada.com\/wp-content\/uploads\/2022\/09\/PVCBURADA-WEB-SITESI-URUNLER-2-2-1399x1536.png 1399w, http:\/\/www.pvcburada.com\/wp-content\/uploads\/2022\/09\/PVCBURADA-WEB-SITESI-URUNLER-2-2-1865x2048.png 1865w\" sizes=\"(max-width: 1051px) 100vw, 1051px\" \/><\/figure>\n","protected":false},"excerpt":{"rendered":"","protected":false},"author":1,"featured_media":0,"parent":0,"menu_order":0,"comment_status":"closed","ping_status":"closed","template":"","meta":[],"_links":{"self":[{"href":"http:\/\/www.pvcburada.com\/index.php?rest_route=\/wp\/v2\/pages\/43"}],"collection":[{"href":"http:\/\/www.pvcburada.com\/index.php?rest_route=\/wp\/v2\/pages"}],"about":[{"href":"http:\/\/www.pvcburada.com\/index.php?rest_route=\/wp\/v2\/types\/page"}],"author":[{"embeddable":true,"href":"http:\/\/www.pvcburada.com\/index.php?rest_route=\/wp\/v2\/users\/1"}],"replies":[{"embeddable":true,"href":"http:\/\/www.pvcburada.com\/index.php?rest_route=%2Fwp%2Fv2%2Fcomments&post=43"}],"version-history":[{"count":3,"href":"http:\/\/www.pvcburada.com\/index.php?rest_route=\/wp\/v2\/pages\/43\/revisions"}],"predecessor-version":[{"id":69,"href":"http:\/\/www.pvcburada.com\/index.php?rest_route=\/wp\/v2\/pages\/43\/revisions\/69"}],"wp:attachment":[{"href":"http:\/\/www.pvcburada.com\/index.php?rest_route=%2Fwp%2Fv2%2Fmedia&parent=43"}],"curies":[{"name":"wp","href":"https:\/\/api.w.org\/{rel}","templated":true}]}}